{"id":475,"date":"2023-06-07T19:22:47","date_gmt":"2023-06-07T17:22:47","guid":{"rendered":"https:\/\/creusalp.meetserbia.rs\/?page_id=475"},"modified":"2023-07-04T14:14:56","modified_gmt":"2023-07-04T12:14:56","slug":"schlosserei-industrielle-blechbearbeitung","status":"publish","type":"page","link":"https:\/\/creusalp.ch\/de\/unsere-dienstleistungen\/schlosserei-industrielle-blechbearbeitung\/","title":{"rendered":"Schlosserei, industrielle Blechbearbeitung"},"content":{"rendered":"\t\t<div data-elementor-type=\"wp-page\" data-elementor-id=\"475\" class=\"elementor elementor-475\" data-elementor-post-type=\"page\">\n\t\t\t\t\t\t<section class=\"elementor-section elementor-top-section elementor-element elementor-element-6dea5226 elementor-section-full_width elementor-hidden-tablet elementor-hidden-mobile elementor-section-height-default elementor-section-height-default\" data-id=\"6dea5226\" data-element_type=\"section\" data-settings=\"{&quot;background_background&quot;:&quot;classic&quot;}\">\n\t\t\t\t\t\t\t<div class=\"elementor-background-overlay\"><\/div>\n\t\t\t\t\t\t\t<div class=\"elementor-container elementor-column-gap-default\">\n\t\t\t\t\t<div class=\"elementor-column elementor-col-100 elementor-top-column elementor-element elementor-element-5fc6db04\" data-id=\"5fc6db04\" data-element_type=\"column\">\n\t\t\t<div class=\"elementor-widget-wrap elementor-element-populated\">\n\t\t\t\t\t\t<div class=\"elementor-element elementor-element-55c07a87 elementor-invisible elementor-widget elementor-widget-heading\" data-id=\"55c07a87\" data-element_type=\"widget\" data-settings=\"{&quot;_animation&quot;:&quot;fadeInDown&quot;}\" data-widget_type=\"heading.default\">\n\t\t\t\t<div class=\"elementor-widget-container\">\n\t\t\t<style>\/*! elementor - v3.23.0 - 05-08-2024 *\/\n.elementor-heading-title{padding:0;margin:0;line-height:1}.elementor-widget-heading .elementor-heading-title[class*=elementor-size-]>a{color:inherit;font-size:inherit;line-height:inherit}.elementor-widget-heading .elementor-heading-title.elementor-size-small{font-size:15px}.elementor-widget-heading .elementor-heading-title.elementor-size-medium{font-size:19px}.elementor-widget-heading .elementor-heading-title.elementor-size-large{font-size:29px}.elementor-widget-heading .elementor-heading-title.elementor-size-xl{font-size:39px}.elementor-widget-heading .elementor-heading-title.elementor-size-xxl{font-size:59px}<\/style><p class=\"elementor-heading-title elementor-size-default\">Chaudronnerie, serrurerie et t\u00f4lerie industrielle<\/p>\t\t<\/div>\n\t\t\t\t<\/div>\n\t\t\t\t\t<\/div>\n\t\t<\/div>\n\t\t\t\t\t<\/div>\n\t\t<\/section>\n\t\t\t\t<section class=\"elementor-section elementor-top-section elementor-element elementor-element-65eb77ab elementor-section-full_width elementor-hidden-desktop elementor-section-height-default elementor-section-height-default\" data-id=\"65eb77ab\" data-element_type=\"section\" data-settings=\"{&quot;background_background&quot;:&quot;classic&quot;}\">\n\t\t\t\t\t\t\t<div class=\"elementor-background-overlay\"><\/div>\n\t\t\t\t\t\t\t<div class=\"elementor-container elementor-column-gap-default\">\n\t\t\t\t\t<div class=\"elementor-column elementor-col-100 elementor-top-column elementor-element elementor-element-3ea2501\" data-id=\"3ea2501\" data-element_type=\"column\" data-settings=\"{&quot;background_background&quot;:&quot;classic&quot;}\">\n\t\t\t<div class=\"elementor-widget-wrap elementor-element-populated\">\n\t\t\t\t\t\t<div class=\"elementor-element elementor-element-3fb5711b elementor-invisible elementor-widget elementor-widget-heading\" data-id=\"3fb5711b\" data-element_type=\"widget\" data-settings=\"{&quot;_animation&quot;:&quot;fadeInDown&quot;}\" data-widget_type=\"heading.default\">\n\t\t\t\t<div class=\"elementor-widget-container\">\n\t\t\t<p class=\"elementor-heading-title elementor-size-default\">Chaudronnerie, serrurerie et t\u00f4lerie industrielle<\/p>\t\t<\/div>\n\t\t\t\t<\/div>\n\t\t\t\t\t<\/div>\n\t\t<\/div>\n\t\t\t\t\t<\/div>\n\t\t<\/section>\n\t\t\t\t<section class=\"elementor-section elementor-top-section elementor-element elementor-element-76641c33 elementor-section-boxed elementor-section-height-default elementor-section-height-default\" data-id=\"76641c33\" data-element_type=\"section\">\n\t\t\t\t\t\t<div class=\"elementor-container elementor-column-gap-default\">\n\t\t\t\t\t<div class=\"elementor-column elementor-col-25 elementor-top-column elementor-element elementor-element-5fac69a0\" data-id=\"5fac69a0\" data-element_type=\"column\">\n\t\t\t<div class=\"elementor-widget-wrap elementor-element-populated\">\n\t\t\t\t\t\t<div class=\"elementor-element elementor-element-23a12ffa elementor-hidden-tablet elementor-hidden-mobile elementor-nav-menu--dropdown-tablet elementor-nav-menu__text-align-aside elementor-nav-menu--toggle elementor-nav-menu--burger elementor-widget elementor-widget-nav-menu\" data-id=\"23a12ffa\" data-element_type=\"widget\" data-settings=\"{&quot;layout&quot;:&quot;vertical&quot;,&quot;submenu_icon&quot;:{&quot;value&quot;:&quot;&lt;i class=\\&quot;fas fa-caret-down\\&quot;&gt;&lt;\\\/i&gt;&quot;,&quot;library&quot;:&quot;fa-solid&quot;},&quot;toggle&quot;:&quot;burger&quot;}\" data-widget_type=\"nav-menu.default\">\n\t\t\t\t<div class=\"elementor-widget-container\">\n\t\t\t<link rel=\"stylesheet\" href=\"https:\/\/creusalp.ch\/de\/wp-content\/plugins\/elementor-pro\/assets\/css\/widget-nav-menu.min.css?ver=1724764727\">\t\t\t<nav aria-label=\"Men\u00fc\" class=\"elementor-nav-menu--main elementor-nav-menu__container elementor-nav-menu--layout-vertical e--pointer-background e--animation-fade\">\n\t\t\t\t<ul id=\"menu-1-23a12ffa\" class=\"elementor-nav-menu sm-vertical\"><li class=\"menu-item menu-item-type-post_type menu-item-object-page menu-item-599\"><a href=\"https:\/\/creusalp.ch\/de\/unsere-dienstleistungen\/technisches-buero\/\" class=\"elementor-item\">Technisches B\u00fcro<\/a><\/li>\n<li class=\"menu-item menu-item-type-post_type menu-item-object-page menu-item-598\"><a href=\"https:\/\/creusalp.ch\/de\/unsere-dienstleistungen\/schlosserei-industrielle-blechbearbeitung\/\" class=\"elementor-item\">Schlosserei, industrielle Blechbearbeitung<\/a><\/li>\n<li class=\"menu-item menu-item-type-post_type menu-item-object-page menu-item-597\"><a href=\"https:\/\/creusalp.ch\/de\/unsere-dienstleistungen\/montage-von-maschinen\/\" class=\"elementor-item\">Montage von Maschinen<\/a><\/li>\n<li class=\"menu-item menu-item-type-post_type menu-item-object-page menu-item-596\"><a href=\"https:\/\/creusalp.ch\/de\/unsere-dienstleistungen\/lackierung-und-oberflaechenbehandlung\/\" class=\"elementor-item\">Lackierung und Oberfl\u00e4chenbehandlung<\/a><\/li>\n<li class=\"menu-item menu-item-type-post_type menu-item-object-page menu-item-595\"><a href=\"https:\/\/creusalp.ch\/de\/unsere-dienstleistungen\/mechanische-montage-und-verkabelung\/\" class=\"elementor-item\">Mechanische Montage und Verkabelung<\/a><\/li>\n<\/ul>\t\t\t<\/nav>\n\t\t\t\t\t<div class=\"elementor-menu-toggle\" role=\"button\" tabindex=\"0\" aria-label=\"Men\u00fc Umschalter\" aria-expanded=\"false\">\n\t\t\t<i aria-hidden=\"true\" role=\"presentation\" class=\"elementor-menu-toggle__icon--open eicon-menu-bar\"><\/i><i aria-hidden=\"true\" role=\"presentation\" class=\"elementor-menu-toggle__icon--close eicon-close\"><\/i>\t\t\t<span class=\"elementor-screen-only\">Men\u00fc<\/span>\n\t\t<\/div>\n\t\t\t\t\t<nav class=\"elementor-nav-menu--dropdown elementor-nav-menu__container\" aria-hidden=\"true\">\n\t\t\t\t<ul id=\"menu-2-23a12ffa\" class=\"elementor-nav-menu sm-vertical\"><li class=\"menu-item menu-item-type-post_type menu-item-object-page menu-item-599\"><a href=\"https:\/\/creusalp.ch\/de\/unsere-dienstleistungen\/technisches-buero\/\" class=\"elementor-item\" tabindex=\"-1\">Technisches B\u00fcro<\/a><\/li>\n<li class=\"menu-item menu-item-type-post_type menu-item-object-page menu-item-598\"><a href=\"https:\/\/creusalp.ch\/de\/unsere-dienstleistungen\/schlosserei-industrielle-blechbearbeitung\/\" class=\"elementor-item\" tabindex=\"-1\">Schlosserei, industrielle Blechbearbeitung<\/a><\/li>\n<li class=\"menu-item menu-item-type-post_type menu-item-object-page menu-item-597\"><a href=\"https:\/\/creusalp.ch\/de\/unsere-dienstleistungen\/montage-von-maschinen\/\" class=\"elementor-item\" tabindex=\"-1\">Montage von Maschinen<\/a><\/li>\n<li class=\"menu-item menu-item-type-post_type menu-item-object-page menu-item-596\"><a href=\"https:\/\/creusalp.ch\/de\/unsere-dienstleistungen\/lackierung-und-oberflaechenbehandlung\/\" class=\"elementor-item\" tabindex=\"-1\">Lackierung und Oberfl\u00e4chenbehandlung<\/a><\/li>\n<li class=\"menu-item menu-item-type-post_type menu-item-object-page menu-item-595\"><a href=\"https:\/\/creusalp.ch\/de\/unsere-dienstleistungen\/mechanische-montage-und-verkabelung\/\" class=\"elementor-item\" tabindex=\"-1\">Mechanische Montage und Verkabelung<\/a><\/li>\n<\/ul>\t\t\t<\/nav>\n\t\t\t\t<\/div>\n\t\t\t\t<\/div>\n\t\t\t\t\t<\/div>\n\t\t<\/div>\n\t\t\t\t<div class=\"elementor-column elementor-col-50 elementor-top-column elementor-element elementor-element-3a1464b\" data-id=\"3a1464b\" data-element_type=\"column\">\n\t\t\t<div class=\"elementor-widget-wrap elementor-element-populated\">\n\t\t\t\t\t\t<div class=\"elementor-element elementor-element-166e8251 elementor-invisible elementor-widget elementor-widget-text-editor\" data-id=\"166e8251\" data-element_type=\"widget\" data-settings=\"{&quot;_animation&quot;:&quot;fadeInUp&quot;}\" data-widget_type=\"text-editor.default\">\n\t\t\t\t<div class=\"elementor-widget-container\">\n\t\t\t<style>\/*! elementor - v3.23.0 - 05-08-2024 *\/\n.elementor-widget-text-editor.elementor-drop-cap-view-stacked .elementor-drop-cap{background-color:#69727d;color:#fff}.elementor-widget-text-editor.elementor-drop-cap-view-framed .elementor-drop-cap{color:#69727d;border:3px solid;background-color:transparent}.elementor-widget-text-editor:not(.elementor-drop-cap-view-default) .elementor-drop-cap{margin-top:8px}.elementor-widget-text-editor:not(.elementor-drop-cap-view-default) .elementor-drop-cap-letter{width:1em;height:1em}.elementor-widget-text-editor .elementor-drop-cap{float:left;text-align:center;line-height:1;font-size:50px}.elementor-widget-text-editor .elementor-drop-cap-letter{display:inline-block}<\/style>\t\t\t\t<p>Notre atelier de chaudronnerie, serrurerie et t\u00f4lerie industrielle est tr\u00e8s actif dans les domaines de l\u2019<strong>industrie des machines<\/strong>, des\u00a0<strong>transports ferroviaires<\/strong>, de <strong>l\u2019environnement<\/strong>, des\u00a0<strong>\u00e9nergies<\/strong>, du\u00a0<strong>g\u00e9nie civil<\/strong>, etc&#8230;<\/p><p>B\u00e9n\u00e9ficiant d&#8217;une exp\u00e9rience de plus de\u00a0<strong>50 ans<\/strong>\u00a0et d&#8217;un \u00e9quipement lourd et moderne, ce d\u00e9partement est une des sp\u00e9cialit\u00e9s de notre entreprise.<\/p><p>Dans cette division, nous pr\u00e9parons les pi\u00e8ces importantes en acier qui seront achemin\u00e9es vers l\u2019atelier de peinture et ensuite vers les diff\u00e9rents postes d\u2019assemblage \u2013 montage de notre entreprise.<\/p><p>Nous sommes \u00e0 votre disposition pour la fabrication de ch\u00e2ssis, cabines, coffrets, bacs, protections, panneaux, etc&#8230;<\/p><p>Equip\u00e9 d\u2019outils de derni\u00e8re g\u00e9n\u00e9ration, la t\u00f4lerie industrielle fine (1 \u00e0 6 mm), un des piliers centraux de notre soci\u00e9t\u00e9\u00a0<strong>Creusalp SA<\/strong>, est ex\u00e9cut\u00e9e par notre personnel sp\u00e9cialis\u00e9, qualifi\u00e9 et certifi\u00e9. Nos employ\u00e9s, en constante formation, d\u00e9tiennent des certificats permettant le travail dans les secteurs exigeants de haute technologie selon les normes en vigueur.<\/p><p>Nous mettons notre exp\u00e9rience \u00e0 votre service: nous vous conseillons, nous vous proposons, nous \u00e9tudions des ensembles m\u00e9cano-soud\u00e9s et cela en collaboration avec vos services techniques.<\/p>\t\t\t\t\t\t<\/div>\n\t\t\t\t<\/div>\n\t\t\t\t\t<\/div>\n\t\t<\/div>\n\t\t\t\t<div class=\"elementor-column elementor-col-25 elementor-top-column elementor-element elementor-element-38533a13\" data-id=\"38533a13\" data-element_type=\"column\">\n\t\t\t<div class=\"elementor-widget-wrap elementor-element-populated\">\n\t\t\t\t\t\t<div class=\"elementor-element elementor-element-8bb653f elementor-widget elementor-widget-image\" data-id=\"8bb653f\" data-element_type=\"widget\" data-widget_type=\"image.default\">\n\t\t\t\t<div class=\"elementor-widget-container\">\n\t\t\t<style>\/*! elementor - v3.23.0 - 05-08-2024 *\/\n.elementor-widget-image{text-align:center}.elementor-widget-image a{display:inline-block}.elementor-widget-image a img[src$=\".svg\"]{width:48px}.elementor-widget-image img{vertical-align:middle;display:inline-block}<\/style>\t\t\t\t\t\t\t\t\t\t<img fetchpriority=\"high\" decoding=\"async\" width=\"850\" height=\"700\" src=\"https:\/\/creusalp.ch\/de\/wp-content\/uploads\/2023\/06\/Environnement-1.jpg\" class=\"attachment-full size-full wp-image-879\" alt=\"\" srcset=\"https:\/\/creusalp.ch\/de\/wp-content\/uploads\/2023\/06\/Environnement-1.jpg 850w, https:\/\/creusalp.ch\/de\/wp-content\/uploads\/2023\/06\/Environnement-1-300x247.jpg 300w, https:\/\/creusalp.ch\/de\/wp-content\/uploads\/2023\/06\/Environnement-1-768x632.jpg 768w\" sizes=\"(max-width: 850px) 100vw, 850px\" \/>\t\t\t\t\t\t\t\t\t\t\t\t\t<\/div>\n\t\t\t\t<\/div>\n\t\t\t\t<div class=\"elementor-element elementor-element-36519c02 elementor-widget elementor-widget-image\" data-id=\"36519c02\" data-element_type=\"widget\" data-widget_type=\"image.default\">\n\t\t\t\t<div class=\"elementor-widget-container\">\n\t\t\t\t\t\t\t\t\t\t\t\t\t<img decoding=\"async\" width=\"850\" height=\"700\" src=\"https:\/\/creusalp.ch\/de\/wp-content\/uploads\/2023\/06\/Constellium-maintenance-industrielle.jpg\" class=\"attachment-full size-full wp-image-878\" alt=\"\" srcset=\"https:\/\/creusalp.ch\/de\/wp-content\/uploads\/2023\/06\/Constellium-maintenance-industrielle.jpg 850w, https:\/\/creusalp.ch\/de\/wp-content\/uploads\/2023\/06\/Constellium-maintenance-industrielle-300x247.jpg 300w, https:\/\/creusalp.ch\/de\/wp-content\/uploads\/2023\/06\/Constellium-maintenance-industrielle-768x632.jpg 768w\" sizes=\"(max-width: 850px) 100vw, 850px\" \/>\t\t\t\t\t\t\t\t\t\t\t\t\t<\/div>\n\t\t\t\t<\/div>\n\t\t\t\t<div class=\"elementor-element elementor-element-cf831d1 elementor-widget elementor-widget-image\" data-id=\"cf831d1\" data-element_type=\"widget\" data-widget_type=\"image.default\">\n\t\t\t\t<div class=\"elementor-widget-container\">\n\t\t\t\t\t\t\t\t\t\t\t\t\t<img decoding=\"async\" width=\"850\" height=\"700\" src=\"https:\/\/creusalp.ch\/de\/wp-content\/uploads\/2023\/06\/Chaudronnerie-cones-cylindres.jpg\" class=\"attachment-full size-full wp-image-877\" alt=\"\" srcset=\"https:\/\/creusalp.ch\/de\/wp-content\/uploads\/2023\/06\/Chaudronnerie-cones-cylindres.jpg 850w, https:\/\/creusalp.ch\/de\/wp-content\/uploads\/2023\/06\/Chaudronnerie-cones-cylindres-300x247.jpg 300w, https:\/\/creusalp.ch\/de\/wp-content\/uploads\/2023\/06\/Chaudronnerie-cones-cylindres-768x632.jpg 768w\" sizes=\"(max-width: 850px) 100vw, 850px\" \/>\t\t\t\t\t\t\t\t\t\t\t\t\t<\/div>\n\t\t\t\t<\/div>\n\t\t\t\t<div class=\"elementor-element elementor-element-2525524 elementor-widget elementor-widget-image\" data-id=\"2525524\" data-element_type=\"widget\" data-widget_type=\"image.default\">\n\t\t\t\t<div class=\"elementor-widget-container\">\n\t\t\t\t\t\t\t\t\t\t\t\t\t<img loading=\"lazy\" decoding=\"async\" width=\"850\" height=\"700\" src=\"https:\/\/creusalp.ch\/de\/wp-content\/uploads\/2023\/06\/Chaudronnerie-citerne.jpg\" class=\"attachment-full size-full wp-image-876\" alt=\"\" srcset=\"https:\/\/creusalp.ch\/de\/wp-content\/uploads\/2023\/06\/Chaudronnerie-citerne.jpg 850w, https:\/\/creusalp.ch\/de\/wp-content\/uploads\/2023\/06\/Chaudronnerie-citerne-300x247.jpg 300w, https:\/\/creusalp.ch\/de\/wp-content\/uploads\/2023\/06\/Chaudronnerie-citerne-768x632.jpg 768w\" sizes=\"(max-width: 850px) 100vw, 850px\" \/>\t\t\t\t\t\t\t\t\t\t\t\t\t<\/div>\n\t\t\t\t<\/div>\n\t\t\t\t\t<\/div>\n\t\t<\/div>\n\t\t\t\t\t<\/div>\n\t\t<\/section>\n\t\t\t\t<\/div>\n\t\t","protected":false},"excerpt":{"rendered":"<p>Chaudronnerie, serrurerie et t\u00f4lerie industrielle Chaudronnerie, serrurerie et t\u00f4lerie industrielle Notre atelier de chaudronnerie, serrurerie et t\u00f4lerie industrielle est tr\u00e8s actif dans les domaines de l\u2019industrie des machines, des\u00a0transports ferroviaires, de l\u2019environnement, des\u00a0\u00e9nergies, du\u00a0g\u00e9nie civil, etc&#8230; B\u00e9n\u00e9ficiant d&#8217;une exp\u00e9rience de plus de\u00a050 ans\u00a0et d&#8217;un \u00e9quipement lourd et moderne, ce d\u00e9partement est une des sp\u00e9cialit\u00e9s de [&hellip;]<\/p>\n","protected":false},"author":2,"featured_media":0,"parent":15,"menu_order":0,"comment_status":"closed","ping_status":"closed","template":"","meta":{"footnotes":""},"class_list":["post-475","page","type-page","status-publish","hentry"],"_links":{"self":[{"href":"https:\/\/creusalp.ch\/de\/wp-json\/wp\/v2\/pages\/475","targetHints":{"allow":["GET"]}}],"collection":[{"href":"https:\/\/creusalp.ch\/de\/wp-json\/wp\/v2\/pages"}],"about":[{"href":"https:\/\/creusalp.ch\/de\/wp-json\/wp\/v2\/types\/page"}],"author":[{"embeddable":true,"href":"https:\/\/creusalp.ch\/de\/wp-json\/wp\/v2\/users\/2"}],"replies":[{"embeddable":true,"href":"https:\/\/creusalp.ch\/de\/wp-json\/wp\/v2\/comments?post=475"}],"version-history":[{"count":17,"href":"https:\/\/creusalp.ch\/de\/wp-json\/wp\/v2\/pages\/475\/revisions"}],"predecessor-version":[{"id":1246,"href":"https:\/\/creusalp.ch\/de\/wp-json\/wp\/v2\/pages\/475\/revisions\/1246"}],"up":[{"embeddable":true,"href":"https:\/\/creusalp.ch\/de\/wp-json\/wp\/v2\/pages\/15"}],"wp:attachment":[{"href":"https:\/\/creusalp.ch\/de\/wp-json\/wp\/v2\/media?parent=475"}],"curies":[{"name":"wp","href":"https:\/\/api.w.org\/{rel}","templated":true}]}}