{"id":480,"date":"2023-06-07T19:23:24","date_gmt":"2023-06-07T17:23:24","guid":{"rendered":"https:\/\/creusalp.meetserbia.rs\/?page_id=480"},"modified":"2023-07-04T14:16:12","modified_gmt":"2023-07-04T12:16:12","slug":"lackierung-und-oberflaechenbehandlung","status":"publish","type":"page","link":"https:\/\/creusalp.ch\/de\/unsere-dienstleistungen\/lackierung-und-oberflaechenbehandlung\/","title":{"rendered":"Lackierung und Oberfl\u00e4chenbehandlung"},"content":{"rendered":"\t\t<div data-elementor-type=\"wp-page\" data-elementor-id=\"480\" class=\"elementor elementor-480\" data-elementor-post-type=\"page\">\n\t\t\t\t\t\t<section class=\"elementor-section elementor-top-section elementor-element elementor-element-7301b4c2 elementor-section-full_width elementor-hidden-tablet elementor-hidden-mobile elementor-section-height-default elementor-section-height-default\" data-id=\"7301b4c2\" data-element_type=\"section\" data-settings=\"{&quot;background_background&quot;:&quot;classic&quot;}\">\n\t\t\t\t\t\t\t<div class=\"elementor-background-overlay\"><\/div>\n\t\t\t\t\t\t\t<div class=\"elementor-container elementor-column-gap-default\">\n\t\t\t\t\t<div class=\"elementor-column elementor-col-100 elementor-top-column elementor-element elementor-element-439d9d9f\" data-id=\"439d9d9f\" data-element_type=\"column\">\n\t\t\t<div class=\"elementor-widget-wrap elementor-element-populated\">\n\t\t\t\t\t\t<div class=\"elementor-element elementor-element-736a28b7 elementor-invisible elementor-widget elementor-widget-heading\" data-id=\"736a28b7\" data-element_type=\"widget\" data-settings=\"{&quot;_animation&quot;:&quot;fadeInDown&quot;}\" data-widget_type=\"heading.default\">\n\t\t\t\t<div class=\"elementor-widget-container\">\n\t\t\t<style>\/*! elementor - v3.23.0 - 05-08-2024 *\/\n.elementor-heading-title{padding:0;margin:0;line-height:1}.elementor-widget-heading .elementor-heading-title[class*=elementor-size-]>a{color:inherit;font-size:inherit;line-height:inherit}.elementor-widget-heading .elementor-heading-title.elementor-size-small{font-size:15px}.elementor-widget-heading .elementor-heading-title.elementor-size-medium{font-size:19px}.elementor-widget-heading .elementor-heading-title.elementor-size-large{font-size:29px}.elementor-widget-heading .elementor-heading-title.elementor-size-xl{font-size:39px}.elementor-widget-heading .elementor-heading-title.elementor-size-xxl{font-size:59px}<\/style><p class=\"elementor-heading-title elementor-size-default\">PEINTURE ET THERMOLAQUAGE<\/p>\t\t<\/div>\n\t\t\t\t<\/div>\n\t\t\t\t\t<\/div>\n\t\t<\/div>\n\t\t\t\t\t<\/div>\n\t\t<\/section>\n\t\t\t\t<section class=\"elementor-section elementor-top-section elementor-element elementor-element-7d15c461 elementor-section-full_width elementor-hidden-desktop elementor-section-height-default elementor-section-height-default\" data-id=\"7d15c461\" data-element_type=\"section\" data-settings=\"{&quot;background_background&quot;:&quot;classic&quot;}\">\n\t\t\t\t\t\t\t<div class=\"elementor-background-overlay\"><\/div>\n\t\t\t\t\t\t\t<div class=\"elementor-container elementor-column-gap-default\">\n\t\t\t\t\t<div class=\"elementor-column elementor-col-100 elementor-top-column elementor-element elementor-element-c6b41e1\" data-id=\"c6b41e1\" data-element_type=\"column\" data-settings=\"{&quot;background_background&quot;:&quot;classic&quot;}\">\n\t\t\t<div class=\"elementor-widget-wrap elementor-element-populated\">\n\t\t\t\t\t\t<div class=\"elementor-element elementor-element-7aee5317 elementor-invisible elementor-widget elementor-widget-heading\" data-id=\"7aee5317\" data-element_type=\"widget\" data-settings=\"{&quot;_animation&quot;:&quot;fadeInDown&quot;}\" data-widget_type=\"heading.default\">\n\t\t\t\t<div class=\"elementor-widget-container\">\n\t\t\t<p class=\"elementor-heading-title elementor-size-default\">PEINTURE ET THERMOLAQUAGE<\/p>\t\t<\/div>\n\t\t\t\t<\/div>\n\t\t\t\t\t<\/div>\n\t\t<\/div>\n\t\t\t\t\t<\/div>\n\t\t<\/section>\n\t\t\t\t<section class=\"elementor-section elementor-top-section elementor-element elementor-element-9b2b524 elementor-section-boxed elementor-section-height-default elementor-section-height-default\" data-id=\"9b2b524\" data-element_type=\"section\">\n\t\t\t\t\t\t<div class=\"elementor-container elementor-column-gap-default\">\n\t\t\t\t\t<div class=\"elementor-column elementor-col-25 elementor-top-column elementor-element elementor-element-1507e521\" data-id=\"1507e521\" data-element_type=\"column\">\n\t\t\t<div class=\"elementor-widget-wrap elementor-element-populated\">\n\t\t\t\t\t\t<div class=\"elementor-element elementor-element-23e0cd9d elementor-hidden-tablet elementor-hidden-mobile elementor-nav-menu--dropdown-tablet elementor-nav-menu__text-align-aside elementor-nav-menu--toggle elementor-nav-menu--burger elementor-widget elementor-widget-nav-menu\" data-id=\"23e0cd9d\" data-element_type=\"widget\" data-settings=\"{&quot;layout&quot;:&quot;vertical&quot;,&quot;submenu_icon&quot;:{&quot;value&quot;:&quot;&lt;i class=\\&quot;fas fa-caret-down\\&quot;&gt;&lt;\\\/i&gt;&quot;,&quot;library&quot;:&quot;fa-solid&quot;},&quot;toggle&quot;:&quot;burger&quot;}\" data-widget_type=\"nav-menu.default\">\n\t\t\t\t<div class=\"elementor-widget-container\">\n\t\t\t<link rel=\"stylesheet\" href=\"https:\/\/creusalp.ch\/de\/wp-content\/plugins\/elementor-pro\/assets\/css\/widget-nav-menu.min.css?ver=1724764727\">\t\t\t<nav aria-label=\"Men\u00fc\" class=\"elementor-nav-menu--main elementor-nav-menu__container elementor-nav-menu--layout-vertical e--pointer-background e--animation-fade\">\n\t\t\t\t<ul id=\"menu-1-23e0cd9d\" class=\"elementor-nav-menu sm-vertical\"><li class=\"menu-item menu-item-type-post_type menu-item-object-page menu-item-599\"><a href=\"https:\/\/creusalp.ch\/de\/unsere-dienstleistungen\/technisches-buero\/\" class=\"elementor-item\">Technisches B\u00fcro<\/a><\/li>\n<li class=\"menu-item menu-item-type-post_type menu-item-object-page menu-item-598\"><a href=\"https:\/\/creusalp.ch\/de\/unsere-dienstleistungen\/schlosserei-industrielle-blechbearbeitung\/\" class=\"elementor-item\">Schlosserei, industrielle Blechbearbeitung<\/a><\/li>\n<li class=\"menu-item menu-item-type-post_type menu-item-object-page menu-item-597\"><a href=\"https:\/\/creusalp.ch\/de\/unsere-dienstleistungen\/montage-von-maschinen\/\" class=\"elementor-item\">Montage von Maschinen<\/a><\/li>\n<li class=\"menu-item menu-item-type-post_type menu-item-object-page menu-item-596\"><a href=\"https:\/\/creusalp.ch\/de\/unsere-dienstleistungen\/lackierung-und-oberflaechenbehandlung\/\" class=\"elementor-item\">Lackierung und Oberfl\u00e4chenbehandlung<\/a><\/li>\n<li class=\"menu-item menu-item-type-post_type menu-item-object-page menu-item-595\"><a href=\"https:\/\/creusalp.ch\/de\/unsere-dienstleistungen\/mechanische-montage-und-verkabelung\/\" class=\"elementor-item\">Mechanische Montage und Verkabelung<\/a><\/li>\n<\/ul>\t\t\t<\/nav>\n\t\t\t\t\t<div class=\"elementor-menu-toggle\" role=\"button\" tabindex=\"0\" aria-label=\"Men\u00fc Umschalter\" aria-expanded=\"false\">\n\t\t\t<i aria-hidden=\"true\" role=\"presentation\" class=\"elementor-menu-toggle__icon--open eicon-menu-bar\"><\/i><i aria-hidden=\"true\" role=\"presentation\" class=\"elementor-menu-toggle__icon--close eicon-close\"><\/i>\t\t\t<span class=\"elementor-screen-only\">Men\u00fc<\/span>\n\t\t<\/div>\n\t\t\t\t\t<nav class=\"elementor-nav-menu--dropdown elementor-nav-menu__container\" aria-hidden=\"true\">\n\t\t\t\t<ul id=\"menu-2-23e0cd9d\" class=\"elementor-nav-menu sm-vertical\"><li class=\"menu-item menu-item-type-post_type menu-item-object-page menu-item-599\"><a href=\"https:\/\/creusalp.ch\/de\/unsere-dienstleistungen\/technisches-buero\/\" class=\"elementor-item\" tabindex=\"-1\">Technisches B\u00fcro<\/a><\/li>\n<li class=\"menu-item menu-item-type-post_type menu-item-object-page menu-item-598\"><a href=\"https:\/\/creusalp.ch\/de\/unsere-dienstleistungen\/schlosserei-industrielle-blechbearbeitung\/\" class=\"elementor-item\" tabindex=\"-1\">Schlosserei, industrielle Blechbearbeitung<\/a><\/li>\n<li class=\"menu-item menu-item-type-post_type menu-item-object-page menu-item-597\"><a href=\"https:\/\/creusalp.ch\/de\/unsere-dienstleistungen\/montage-von-maschinen\/\" class=\"elementor-item\" tabindex=\"-1\">Montage von Maschinen<\/a><\/li>\n<li class=\"menu-item menu-item-type-post_type menu-item-object-page menu-item-596\"><a href=\"https:\/\/creusalp.ch\/de\/unsere-dienstleistungen\/lackierung-und-oberflaechenbehandlung\/\" class=\"elementor-item\" tabindex=\"-1\">Lackierung und Oberfl\u00e4chenbehandlung<\/a><\/li>\n<li class=\"menu-item menu-item-type-post_type menu-item-object-page menu-item-595\"><a href=\"https:\/\/creusalp.ch\/de\/unsere-dienstleistungen\/mechanische-montage-und-verkabelung\/\" class=\"elementor-item\" tabindex=\"-1\">Mechanische Montage und Verkabelung<\/a><\/li>\n<\/ul>\t\t\t<\/nav>\n\t\t\t\t<\/div>\n\t\t\t\t<\/div>\n\t\t\t\t\t<\/div>\n\t\t<\/div>\n\t\t\t\t<div class=\"elementor-column elementor-col-50 elementor-top-column elementor-element elementor-element-4616474d\" data-id=\"4616474d\" data-element_type=\"column\">\n\t\t\t<div class=\"elementor-widget-wrap elementor-element-populated\">\n\t\t\t\t\t\t<div class=\"elementor-element elementor-element-135bed36 elementor-invisible elementor-widget elementor-widget-text-editor\" data-id=\"135bed36\" data-element_type=\"widget\" data-settings=\"{&quot;_animation&quot;:&quot;fadeInUp&quot;}\" data-widget_type=\"text-editor.default\">\n\t\t\t\t<div class=\"elementor-widget-container\">\n\t\t\t<style>\/*! elementor - v3.23.0 - 05-08-2024 *\/\n.elementor-widget-text-editor.elementor-drop-cap-view-stacked .elementor-drop-cap{background-color:#69727d;color:#fff}.elementor-widget-text-editor.elementor-drop-cap-view-framed .elementor-drop-cap{color:#69727d;border:3px solid;background-color:transparent}.elementor-widget-text-editor:not(.elementor-drop-cap-view-default) .elementor-drop-cap{margin-top:8px}.elementor-widget-text-editor:not(.elementor-drop-cap-view-default) .elementor-drop-cap-letter{width:1em;height:1em}.elementor-widget-text-editor .elementor-drop-cap{float:left;text-align:center;line-height:1;font-size:50px}.elementor-widget-text-editor .elementor-drop-cap-letter{display:inline-block}<\/style>\t\t\t\t<p>Maillon indispensable dans notre cha\u00eene de fabrication, la division Peinture dispose de toutes les infrastructures pour vous garantir un traitement de surface d\u2019excellente qualit\u00e9:<\/p><ul><li>D\u00e9graissage<\/li><li>Phosphatation manuelle et\/ou automatique.<\/li><\/ul><p>\u00a0<\/p><p>Installation compl\u00e8te de thermolaquage, toutes les qualit\u00e9s de poudres, de couleurs et de finitions:<br \/>Capacit\u00e9 maximale: 2.80 x 2.80 x 5.80 m.<\/p><p>Pour les peintures liquides \u00e0 base de solvants ou \u00e0 base d\u2019eau, nous disposons de cabine de giclage suivie de 2 fours de s\u00e9chage et 1 cabine mixte de giclage et four:<\/p><ul><li>Dimensions de pi\u00e8ces admises: 4.0 x 4.0 x 12.0 m<\/li><li>Poids maximal: 8 tonnes<\/li><\/ul>\t\t\t\t\t\t<\/div>\n\t\t\t\t<\/div>\n\t\t\t\t\t<\/div>\n\t\t<\/div>\n\t\t\t\t<div class=\"elementor-column elementor-col-25 elementor-top-column elementor-element elementor-element-1bcb791c\" data-id=\"1bcb791c\" data-element_type=\"column\">\n\t\t\t<div class=\"elementor-widget-wrap elementor-element-populated\">\n\t\t\t\t\t\t<div class=\"elementor-element elementor-element-4e2a87ec elementor-widget elementor-widget-image\" data-id=\"4e2a87ec\" data-element_type=\"widget\" data-widget_type=\"image.default\">\n\t\t\t\t<div class=\"elementor-widget-container\">\n\t\t\t<style>\/*! elementor - v3.23.0 - 05-08-2024 *\/\n.elementor-widget-image{text-align:center}.elementor-widget-image a{display:inline-block}.elementor-widget-image a img[src$=\".svg\"]{width:48px}.elementor-widget-image img{vertical-align:middle;display:inline-block}<\/style>\t\t\t\t\t\t\t\t\t\t<img fetchpriority=\"high\" decoding=\"async\" width=\"800\" height=\"1067\" src=\"https:\/\/creusalp.ch\/de\/wp-content\/uploads\/2023\/06\/Peinture.jpg\" class=\"attachment-full size-full wp-image-891\" alt=\"\" srcset=\"https:\/\/creusalp.ch\/de\/wp-content\/uploads\/2023\/06\/Peinture.jpg 800w, https:\/\/creusalp.ch\/de\/wp-content\/uploads\/2023\/06\/Peinture-225x300.jpg 225w, https:\/\/creusalp.ch\/de\/wp-content\/uploads\/2023\/06\/Peinture-768x1024.jpg 768w\" sizes=\"(max-width: 800px) 100vw, 800px\" \/>\t\t\t\t\t\t\t\t\t\t\t\t\t<\/div>\n\t\t\t\t<\/div>\n\t\t\t\t<div class=\"elementor-element elementor-element-c15784 elementor-widget elementor-widget-image\" data-id=\"c15784\" data-element_type=\"widget\" data-widget_type=\"image.default\">\n\t\t\t\t<div class=\"elementor-widget-container\">\n\t\t\t\t\t\t\t\t\t\t\t\t\t<img decoding=\"async\" width=\"800\" height=\"437\" src=\"https:\/\/creusalp.ch\/de\/wp-content\/uploads\/2023\/06\/Scheuchzer-WEG-1.jpg\" class=\"attachment-full size-full wp-image-893\" alt=\"\" srcset=\"https:\/\/creusalp.ch\/de\/wp-content\/uploads\/2023\/06\/Scheuchzer-WEG-1.jpg 800w, https:\/\/creusalp.ch\/de\/wp-content\/uploads\/2023\/06\/Scheuchzer-WEG-1-300x164.jpg 300w, https:\/\/creusalp.ch\/de\/wp-content\/uploads\/2023\/06\/Scheuchzer-WEG-1-768x420.jpg 768w\" sizes=\"(max-width: 800px) 100vw, 800px\" \/>\t\t\t\t\t\t\t\t\t\t\t\t\t<\/div>\n\t\t\t\t<\/div>\n\t\t\t\t<div class=\"elementor-element elementor-element-ef26fc2 elementor-widget elementor-widget-image\" data-id=\"ef26fc2\" data-element_type=\"widget\" data-widget_type=\"image.default\">\n\t\t\t\t<div class=\"elementor-widget-container\">\n\t\t\t\t\t\t\t\t\t\t\t\t\t<img decoding=\"async\" width=\"800\" height=\"1067\" src=\"https:\/\/creusalp.ch\/de\/wp-content\/uploads\/2023\/06\/M-Cabine-AR-12-2022-1.jpg\" class=\"attachment-full size-full wp-image-890\" alt=\"\" srcset=\"https:\/\/creusalp.ch\/de\/wp-content\/uploads\/2023\/06\/M-Cabine-AR-12-2022-1.jpg 800w, https:\/\/creusalp.ch\/de\/wp-content\/uploads\/2023\/06\/M-Cabine-AR-12-2022-1-225x300.jpg 225w, https:\/\/creusalp.ch\/de\/wp-content\/uploads\/2023\/06\/M-Cabine-AR-12-2022-1-768x1024.jpg 768w\" sizes=\"(max-width: 800px) 100vw, 800px\" \/>\t\t\t\t\t\t\t\t\t\t\t\t\t<\/div>\n\t\t\t\t<\/div>\n\t\t\t\t<div class=\"elementor-element elementor-element-6a5754d elementor-widget elementor-widget-image\" data-id=\"6a5754d\" data-element_type=\"widget\" data-widget_type=\"image.default\">\n\t\t\t\t<div class=\"elementor-widget-container\">\n\t\t\t\t\t\t\t\t\t\t\t\t\t<img loading=\"lazy\" decoding=\"async\" width=\"800\" height=\"437\" src=\"https:\/\/creusalp.ch\/de\/wp-content\/uploads\/2023\/06\/Scheuchzer-Grizzli-finished-1.jpg\" class=\"attachment-full size-full wp-image-892\" alt=\"\" srcset=\"https:\/\/creusalp.ch\/de\/wp-content\/uploads\/2023\/06\/Scheuchzer-Grizzli-finished-1.jpg 800w, https:\/\/creusalp.ch\/de\/wp-content\/uploads\/2023\/06\/Scheuchzer-Grizzli-finished-1-300x164.jpg 300w, https:\/\/creusalp.ch\/de\/wp-content\/uploads\/2023\/06\/Scheuchzer-Grizzli-finished-1-768x420.jpg 768w\" sizes=\"(max-width: 800px) 100vw, 800px\" \/>\t\t\t\t\t\t\t\t\t\t\t\t\t<\/div>\n\t\t\t\t<\/div>\n\t\t\t\t\t<\/div>\n\t\t<\/div>\n\t\t\t\t\t<\/div>\n\t\t<\/section>\n\t\t\t\t<\/div>\n\t\t","protected":false},"excerpt":{"rendered":"<p>PEINTURE ET THERMOLAQUAGE PEINTURE ET THERMOLAQUAGE Maillon indispensable dans notre cha\u00eene de fabrication, la division Peinture dispose de toutes les infrastructures pour vous garantir un traitement de surface d\u2019excellente qualit\u00e9: D\u00e9graissage Phosphatation manuelle et\/ou automatique. \u00a0 Installation compl\u00e8te de thermolaquage, toutes les qualit\u00e9s de poudres, de couleurs et de finitions:Capacit\u00e9 maximale: 2.80 x 2.80 x [&hellip;]<\/p>\n","protected":false},"author":2,"featured_media":0,"parent":15,"menu_order":0,"comment_status":"closed","ping_status":"closed","template":"","meta":{"footnotes":""},"class_list":["post-480","page","type-page","status-publish","hentry"],"_links":{"self":[{"href":"https:\/\/creusalp.ch\/de\/wp-json\/wp\/v2\/pages\/480","targetHints":{"allow":["GET"]}}],"collection":[{"href":"https:\/\/creusalp.ch\/de\/wp-json\/wp\/v2\/pages"}],"about":[{"href":"https:\/\/creusalp.ch\/de\/wp-json\/wp\/v2\/types\/page"}],"author":[{"embeddable":true,"href":"https:\/\/creusalp.ch\/de\/wp-json\/wp\/v2\/users\/2"}],"replies":[{"embeddable":true,"href":"https:\/\/creusalp.ch\/de\/wp-json\/wp\/v2\/comments?post=480"}],"version-history":[{"count":14,"href":"https:\/\/creusalp.ch\/de\/wp-json\/wp\/v2\/pages\/480\/revisions"}],"predecessor-version":[{"id":1248,"href":"https:\/\/creusalp.ch\/de\/wp-json\/wp\/v2\/pages\/480\/revisions\/1248"}],"up":[{"embeddable":true,"href":"https:\/\/creusalp.ch\/de\/wp-json\/wp\/v2\/pages\/15"}],"wp:attachment":[{"href":"https:\/\/creusalp.ch\/de\/wp-json\/wp\/v2\/media?parent=480"}],"curies":[{"name":"wp","href":"https:\/\/api.w.org\/{rel}","templated":true}]}}